{"id":264,"date":"2017-10-01T18:03:46","date_gmt":"2017-10-01T16:03:46","guid":{"rendered":"https:\/\/www.creditnews.it\/creditawards2019\/liniziativa-2\/"},"modified":"2025-07-21T10:23:02","modified_gmt":"2025-07-21T08:23:02","slug":"la-serata-gala","status":"publish","type":"page","link":"https:\/\/www.creditnews.it\/creditawards\/la-serata-gala\/","title":{"rendered":"La serata di gala"},"content":{"rendered":"\t\t<div data-elementor-type=\"wp-post\" data-elementor-id=\"264\" class=\"elementor elementor-264\" data-elementor-post-type=\"page\">\n\t\t\t\t<div class=\"elementor-element elementor-element-1b3e17e e-flex e-con-boxed e-con e-parent\" data-id=\"1b3e17e\" data-element_type=\"container\">\n\t\t\t\t\t<div class=\"e-con-inner\">\n\t\t<div class=\"elementor-element elementor-element-297c8ac e-con-full e-flex e-con e-child\" data-id=\"297c8ac\" data-element_type=\"container\">\n\t\t\t\t<div class=\"elementor-element elementor-element-045c6b7 elementor-widget elementor-widget-text-editor\" data-id=\"045c6b7\" data-element_type=\"widget\" data-widget_type=\"text-editor.default\">\n\t\t\t\t<div class=\"elementor-widget-container\">\n\t\t\t\t\t\t\t\t\t<h2 class=\"titolo_pagina\">La serata di gala: celebrazione dell&#8217;Eccellenza<\/h2>\t\t\t\t\t\t\t\t<\/div>\n\t\t\t\t<\/div>\n\t\t\t\t<div class=\"elementor-element elementor-element-6ecd35b elementor-widget elementor-widget-text-editor\" data-id=\"6ecd35b\" data-element_type=\"widget\" data-widget_type=\"text-editor.default\">\n\t\t\t\t<div class=\"elementor-widget-container\">\n\t\t\t\t\t\t\t\t\t<h3>PARTECIPA ALLA GRANDE NOTTE DEI CREDIT AWARDS<\/h3>\t\t\t\t\t\t\t\t<\/div>\n\t\t\t\t<\/div>\n\t\t\t\t<\/div>\n\t\t\t\t\t<\/div>\n\t\t\t\t<\/div>\n\t\t<div class=\"elementor-element elementor-element-37a637d e-flex e-con-boxed e-con e-parent\" data-id=\"37a637d\" data-element_type=\"container\" data-settings=\"{&quot;background_background&quot;:&quot;classic&quot;}\">\n\t\t\t\t\t<div class=\"e-con-inner\">\n\t\t<div class=\"elementor-element elementor-element-1fbdc01 e-con-full e-flex elementor-invisible e-con e-child\" data-id=\"1fbdc01\" data-element_type=\"container\" data-settings=\"{&quot;background_background&quot;:&quot;classic&quot;,&quot;animation&quot;:&quot;fadeIn&quot;}\">\n\t\t\t\t<div class=\"elementor-element elementor-element-fc4d0e4 elementor-widget elementor-widget-spacer\" data-id=\"fc4d0e4\" data-element_type=\"widget\" data-widget_type=\"spacer.default\">\n\t\t\t\t<div class=\"elementor-widget-container\">\n\t\t\t\t\t\t\t<div class=\"elementor-spacer\">\n\t\t\t<div class=\"elementor-spacer-inner\"><\/div>\n\t\t<\/div>\n\t\t\t\t\t\t<\/div>\n\t\t\t\t<\/div>\n\t\t\t\t<\/div>\n\t\t<div class=\"elementor-element elementor-element-cd50709 e-con-full e-flex e-con e-child\" data-id=\"cd50709\" data-element_type=\"container\">\n\t\t\t\t<div class=\"elementor-element elementor-element-2b3a1cf elementor-widget elementor-widget-text-editor\" data-id=\"2b3a1cf\" data-element_type=\"widget\" data-widget_type=\"text-editor.default\">\n\t\t\t\t<div class=\"elementor-widget-container\">\n\t\t\t\t\t\t\t\t\t<p>La serata di gala dei Credit Awards \u00e8 l&#8217;evento culminante in cui i protagonisti del settore della gestione del credito si riuniscono per celebrare l&#8217;eccellenza. Durante questa serata, verranno annunciati i <strong>vincitori delle diverse categorie<\/strong> e consegnati i relativi premi, con una cerimonia formale che comprende la lettura delle <strong>motivazioni<\/strong>.<\/p><p>\u00a0<\/p>\t\t\t\t\t\t\t\t<\/div>\n\t\t\t\t<\/div>\n\t\t\t\t<\/div>\n\t\t\t\t\t<\/div>\n\t\t\t\t<\/div>\n\t\t<div class=\"elementor-element elementor-element-47c9ad2 e-flex e-con-boxed e-con e-parent\" data-id=\"47c9ad2\" data-element_type=\"container\" data-settings=\"{&quot;background_background&quot;:&quot;classic&quot;}\">\n\t\t\t\t\t<div class=\"e-con-inner\">\n\t\t<div class=\"elementor-element elementor-element-309fe9b e-con-full e-flex elementor-invisible e-con e-child\" data-id=\"309fe9b\" data-element_type=\"container\" data-settings=\"{&quot;background_background&quot;:&quot;classic&quot;,&quot;animation&quot;:&quot;fadeIn&quot;,&quot;animation_delay&quot;:300}\">\n\t\t\t\t<div class=\"elementor-element elementor-element-74bbc85 elementor-widget elementor-widget-spacer\" data-id=\"74bbc85\" data-element_type=\"widget\" data-widget_type=\"spacer.default\">\n\t\t\t\t<div class=\"elementor-widget-container\">\n\t\t\t\t\t\t\t<div class=\"elementor-spacer\">\n\t\t\t<div class=\"elementor-spacer-inner\"><\/div>\n\t\t<\/div>\n\t\t\t\t\t\t<\/div>\n\t\t\t\t<\/div>\n\t\t\t\t<\/div>\n\t\t<div class=\"elementor-element elementor-element-647b2b0 e-con-full e-flex e-con e-child\" data-id=\"647b2b0\" data-element_type=\"container\">\n\t\t\t\t<div class=\"elementor-element elementor-element-dbdf834 elementor-widget elementor-widget-text-editor\" data-id=\"dbdf834\" data-element_type=\"widget\" data-widget_type=\"text-editor.default\">\n\t\t\t\t<div class=\"elementor-widget-container\">\n\t\t\t\t\t\t\t\t\t<p>L&#8217;evento si terr\u00e0 il 26 marzo 2026 presso l&#8217;Hotel \u00a0Meli\u00e1 a Milano, un&#8217;elegante location che offre la cornice ideale per una serata di gala indimenticabile.<\/p><p>Parteciperanno <strong>le realt\u00e0 nazionali pi\u00f9 influenti<\/strong> e i professionisti pi\u00f9 rinomati del settore, offrendo un&#8217;occasione unica per incontrarsi, confrontarsi e stabilire nuovi rapporti professionali.<\/p><p>Non perdere l&#8217;opportunit\u00e0 di essere parte di questo prestigioso evento, dove <strong>eccellenza e innovazione sono al centro della scena.<\/strong><\/p>\t\t\t\t\t\t\t\t<\/div>\n\t\t\t\t<\/div>\n\t\t\t\t<\/div>\n\t\t\t\t\t<\/div>\n\t\t\t\t<\/div>\n\t\t\t\t<section class=\"elementor-section elementor-top-section elementor-element elementor-element-f0fb657 elementor-section-stretched elementor-hidden-desktop elementor-hidden-tablet elementor-hidden-mobile elementor-section-boxed elementor-section-height-default elementor-section-height-default\" data-id=\"f0fb657\" data-element_type=\"section\" data-settings=\"{&quot;stretch_section&quot;:&quot;section-stretched&quot;}\">\n\t\t\t\t\t\t<div class=\"elementor-container elementor-column-gap-default\">\n\t\t\t\t\t<div class=\"elementor-column elementor-col-100 elementor-top-column elementor-element elementor-element-ae877da\" data-id=\"ae877da\" data-element_type=\"column\">\n\t\t\t<div class=\"elementor-widget-wrap elementor-element-populated\">\n\t\t\t\t\t\t<div class=\"elementor-element elementor-element-2c0e433 elementor-cta--skin-cover elementor-bg-transform elementor-bg-transform-move-right elementor-hidden-phone elementor-animated-content elementor-widget elementor-widget-call-to-action\" data-id=\"2c0e433\" data-element_type=\"widget\" data-widget_type=\"call-to-action.default\">\n\t\t\t\t<div class=\"elementor-widget-container\">\n\t\t\t\t\t\t\t<a class=\"elementor-cta\" href=\"https:\/\/www.eventbrite.it\/e\/432427320757\" target=\"_blank\">\n\t\t\t\t\t<div class=\"elementor-cta__bg-wrapper\">\n\t\t\t\t<div class=\"elementor-cta__bg elementor-bg\" style=\"background-image: url(https:\/\/www.creditnews.it\/creditawards\/wp-content\/uploads\/2019\/10\/38679931_s-1-768x512.jpg);\" role=\"img\" aria-label=\"Closeup of hand with blank card\"><\/div>\n\t\t\t\t<div class=\"elementor-cta__bg-overlay\"><\/div>\n\t\t\t<\/div>\n\t\t\t\t\t\t\t<div class=\"elementor-cta__content\">\n\t\t\t\t\n\t\t\t\t\t\t\t\t\t<h2 class=\"elementor-cta__title elementor-cta__content-item elementor-content-item elementor-animated-item--grow\">\n\t\t\t\t\t\tIl tuo biglietto per la serata di gala, in piena sicurezza\t\t\t\t\t<\/h2>\n\t\t\t\t\n\t\t\t\t\n\t\t\t\t\t\t\t\t\t<div class=\"elementor-cta__button-wrapper elementor-cta__content-item elementor-content-item elementor-animated-item--grow\">\n\t\t\t\t\t<span class=\"elementor-cta__button elementor-button elementor-size-lg\">\n\t\t\t\t\t\tBIGLIETTI ONLINE\t\t\t\t\t<\/span>\n\t\t\t\t\t<\/div>\n\t\t\t\t\t\t\t<\/div>\n\t\t\t\t\t\t<\/a>\n\t\t\t\t\t\t<\/div>\n\t\t\t\t<\/div>\n\t\t\t\t\t<\/div>\n\t\t<\/div>\n\t\t\t\t\t<\/div>\n\t\t<\/section>\n\t\t\t\t<section class=\"elementor-section elementor-top-section elementor-element elementor-element-uk7tow2 elementor-section-stretched elementor-hidden-desktop elementor-hidden-tablet elementor-hidden-phone elementor-section-boxed elementor-section-height-default elementor-section-height-default\" data-id=\"uk7tow2\" data-element_type=\"section\" data-settings=\"{&quot;stretch_section&quot;:&quot;section-stretched&quot;,&quot;background_background&quot;:&quot;classic&quot;}\">\n\t\t\t\t\t\t<div class=\"elementor-container elementor-column-gap-default\">\n\t\t\t\t\t<div class=\"elementor-column elementor-col-33 elementor-top-column elementor-element elementor-element-hkwys3e elementor-hidden-desktop elementor-hidden-tablet elementor-hidden-phone\" data-id=\"hkwys3e\" data-element_type=\"column\">\n\t\t\t<div class=\"elementor-widget-wrap elementor-element-populated\">\n\t\t\t\t\t\t<div class=\"elementor-element elementor-element-o8qpkg9 elementor-widget elementor-widget-text-editor\" data-id=\"o8qpkg9\" data-element_type=\"widget\" data-widget_type=\"text-editor.default\">\n\t\t\t\t<div class=\"elementor-widget-container\">\n\t\t\t\t\t\t\t\t\t<p><strong>CONTRIBUTO DI PARTECIPAZIONE ALLA SERATA DI GALA, INCLUSA CENA<\/strong>: <br \/><strong>A partire da \u20ac 200,00 + IVA<\/strong> (\u20ac 244,00 IVA inclusa)<\/p><p><span style=\"color: #ff0000; font-size: 14pt;\"><strong>Prenotazione obbligatoria<\/strong><strong>\u00a0&#8211; posti limitati<\/strong><\/span><\/p><p>Biglietto singolo \u20ac 290,00 + IVA (\u20ac 353,80 IVA inclusa)<\/p><p>Biglietto sconto per 2 iscrizioni \u20ac 270,00 + IVA ciascuno (\u20ac 329,40 IVA inclusa)<\/p><p>Biglietto sconto per 3 o pi\u00f9 iscrizioni \u20ac 250,00 + IVA ciascuno (\u20ac 305,00 IVA inclusa)<\/p><p>Biglietto sconto Associati ACMI &#8211; AICS &#8211; ASSILEA &#8211; UNIREC \u20ac 250,00 + IVA (\u20ac 305,00 IVA inclusa)<\/p><p>Tavolo riservato per almeno 6 persone \u20ac 220,00 + IVA ciascuno (\u20ac 268,40 IVA inclusa)<\/p><p>Tavolo riservato per almeno 8 persone \u20ac 200,00 + IVA ciascuno (\u20ac 244,00 IVA inclusa)<\/p><h3><strong><span style=\"color: #339966;\">PAGAMENTO CON CARTA DI CREDITO<\/span><br \/><\/strong><\/h3>\t\t\t\t\t\t\t\t<\/div>\n\t\t\t\t<\/div>\n\t\t\t\t<div class=\"elementor-element elementor-element-c3qnxso elementor-align-center elementor-widget elementor-widget-button\" data-id=\"c3qnxso\" data-element_type=\"widget\" data-widget_type=\"button.default\">\n\t\t\t\t<div class=\"elementor-widget-container\">\n\t\t\t\t\t\t\t\t\t<div class=\"elementor-button-wrapper\">\n\t\t\t\t\t<a class=\"elementor-button elementor-button-link elementor-size-xl\" href=\"https:\/\/www.eventbrite.it\/e\/biglietti-credit-management-collection-awards-2019-4a-edizione-cena-di-gala-50076009693\" target=\"_blank\" rel=\"nofollow\">\n\t\t\t\t\t\t<span class=\"elementor-button-content-wrapper\">\n\t\t\t\t\t\t\t\t\t<span class=\"elementor-button-text\">ACQUISTA IL TUO BIGLIETTO<\/span>\n\t\t\t\t\t<\/span>\n\t\t\t\t\t<\/a>\n\t\t\t\t<\/div>\n\t\t\t\t\t\t\t\t<\/div>\n\t\t\t\t<\/div>\n\t\t\t\t<div class=\"elementor-element elementor-element-pz3z36f elementor-widget elementor-widget-text-editor\" data-id=\"pz3z36f\" data-element_type=\"widget\" data-widget_type=\"text-editor.default\">\n\t\t\t\t<div class=\"elementor-widget-container\">\n\t\t\t\t\t\t\t\t\t<p><span style=\"color: #339966;\"><em>(collegamento esterno a Event Brite)<\/em><\/span><\/p><hr \/><h3><span style=\"color: #ff9900;\"><strong>PAGAMENTO CON BONIFICO BANCARIO ANTICIPATO<\/strong><\/span><\/h3><p><span style=\"color: #000000;\">Beneficiario: Stop Secret S.r.l.<\/span><br \/><span style=\"color: #000000;\">IBAN: IT67W0812034930000000130476<\/span><br \/><span style=\"color: #000000;\">Causale: Nome e Cognome \u2013 CMCA<\/span><\/p><p><em>Per perfezionare l&#8217;iscrizione inviare via mail: dati per intestazione fattura (ragione sociale, sede legale, c.f. e p.iva), nome, cognome, azienda, mail e telefono di ogni partecipante oltre ad una copia della distinta del pagamento effettuato all&#8217;indirizzo: amministrazione@stopsecret.it<\/em><\/p>\t\t\t\t\t\t\t\t<\/div>\n\t\t\t\t<\/div>\n\t\t\t\t\t<\/div>\n\t\t<\/div>\n\t\t\t\t<div class=\"elementor-column elementor-col-66 elementor-top-column elementor-element elementor-element-pxzevan\" data-id=\"pxzevan\" data-element_type=\"column\">\n\t\t\t<div class=\"elementor-widget-wrap elementor-element-populated\">\n\t\t\t\t\t\t<div class=\"elementor-element elementor-element-sv3ll1c elementor-widget elementor-widget-text-editor\" data-id=\"sv3ll1c\" data-element_type=\"widget\" data-widget_type=\"text-editor.default\">\n\t\t\t\t<div class=\"elementor-widget-container\">\n\t\t\t\t\t\t\t\t\t<h2><strong><em>Happy end per tutti, insieme ai vincitori.<\/em><\/strong><\/h2><p>Manager e professionisti delle pi\u00f9 importanti aziende nazionali ed internazionali dei settori di Informazioni Commerciali, Credit Management, Recupero e Gestione del Credito e Investigazioni Private sul credito, parteciperanno alla serata di gala (a Luxury experience), unico evento del settore che premia e fa emergere le eccellenze di queste categorie.<\/p><p>Il momento conclusivo dei Credit Management &amp; Collection Awards avr\u00e0 luogo nella prestigiosa cornice dell&#8217;Excelsior Hotel Gallia di Milano.<br \/>Qui, nel corso della serata, che sar\u00e0 animata dalla cena di gala (a Luxury experience), si terranno anche le premiazioni dei vincitori il concorso, nelle sue varie categorie.<\/p><p>Un appuntamento irrinunciabile per tutti i partecipanti e gli invitati. Oltre al doveroso omaggio a chi si \u00e8 distinto nei settori interessati durante l&#8217;anno, ottima cucina e un tocco di raffinata mondanit\u00e0. E nello stesso tempo un irripetibile evento di aggregazione tra le pi\u00f9 importanti aziende del settore e i loro manager.<\/p><p>Quale migliore opportunit\u00e0 di conoscerli e farsi conoscere?<\/p><h2><em><strong>Dove pernottare?<\/strong><\/em><\/h2><p>Hotel convenzionati<\/p><p><a href=\"https:\/\/www.marriott.com\/hotels\/travel\/millc-excelsior-hotel-gallia-a-luxury-collection-hotel-milan\/?scid=bb1a189a-fec3-4d19-a255-54ba596febe2\" target=\"_blank\" rel=\"noopener\">Excelsior Hotel Gallia<\/a> 5 stelle<br \/>Piazza Duca d&#8217;Aosta, 9, 20124 Milano<br \/>Camera Premium doppia uso singola, con colazione inclusa: \u20ac 260.00 a camera, a notte.<\/p><p><a href=\"https:\/\/www.hotelbernina.com\/it\/?gclid=EAIaIQobChMI-ZKixp--4AIVirXtCh1vhggpEAAYAiAAEgI8E_D_BwE\" target=\"_blank\" rel=\"noopener\">Hotel Bernina Milano<\/a> 3 stelle<br \/>Via Napo Torriani, 27, 20124 Milano<br \/>Per prenotare andare su\u00a0<a href=\"https:\/\/book2.nozio.com\/accommodation\/list?channelId=f1739f0a-2de8-4a5f-be29-96d907651174&amp;culture=it&amp;__utma=10632621.13028527.1490428938.1498130938.1499501358.20&amp;__utmb=10632621.6.10.1499501358&amp;__utmc=10632621&amp;__utmx=-&amp;__utmz=10632621.1493279539.5.2.utmcsr=google%7Cutmccn=(organic)%7Cutmcmd=organic%7Cutmctr=(not%20provided)&amp;__utmv=-&amp;__utmk=161718460\">Prenotazione Online &#8211; Hotel Bernina Milano,<\/a> dal menu \u201c<strong>Ho un codice<\/strong>\u201d, inserire nel campo \u201c<strong>Codice Promo<\/strong>\u201d il codice &#8220;<strong>StopSecret<\/strong>&#8220;<\/p>\t\t\t\t\t\t\t\t<\/div>\n\t\t\t\t<\/div>\n\t\t\t\t<div class=\"elementor-element elementor-element-4630z4m elementor-button-warning elementor-align-left 100percentbutton elementor-mobile-align-center elementor-invisible elementor-widget elementor-widget-button\" data-id=\"4630z4m\" data-element_type=\"widget\" data-settings=\"{&quot;_animation&quot;:&quot;fadeInDown&quot;}\" data-widget_type=\"button.default\">\n\t\t\t\t<div class=\"elementor-widget-container\">\n\t\t\t\t\t\t\t\t\t<div class=\"elementor-button-wrapper\">\n\t\t\t\t\t<a class=\"elementor-button elementor-button-link elementor-size-sm\" href=\"https:\/\/www.google.it\/maps\/dir\/\/Excelsior+Hotel+Gallia,+Piazza+Duca+d&#039;Aosta,+9,+20124+Milano+MI\/@45.4856806,9.1992729,17z\/data=!4m15!1m6!3m5!1s0x4786c6cfe255f431:0x952d783a6557bb60!2sExcelsior+Hotel+Gallia!8m2!3d45.4855894!4d9.2014611!4m7!1m0!1m5!1m1!1s0x4786c6cfe255f431:0x952d783a6557bb60!2m2!1d9.2014669!2d45.4856769\" target=\"_blank\" rel=\"nofollow\">\n\t\t\t\t\t\t<span class=\"elementor-button-content-wrapper\">\n\t\t\t\t\t\t<span class=\"elementor-button-icon\">\n\t\t\t\t\t\t\t\t\t<i class=\"fa fa-check\" aria-hidden=\"true\"><\/i>\n\t\t\t\t\t\t\t<\/span>\n\t\t\t\t\t\t\t\t\t<span class=\"elementor-button-text\">come raggiugere l'evento<\/span>\n\t\t\t\t\t<\/span>\n\t\t\t\t\t<\/a>\n\t\t\t\t<\/div>\n\t\t\t\t\t\t\t\t<\/div>\n\t\t\t\t<\/div>\n\t\t\t\t\t<\/div>\n\t\t<\/div>\n\t\t\t\t\t<\/div>\n\t\t<\/section>\n\t\t\t\t<\/div>\n\t\t","protected":false},"excerpt":{"rendered":"<p>La serata di gala: celebrazione dell&#8217;Eccellenza PARTECIPA ALLA GRANDE NOTTE DEI CREDIT AWARDS La serata di gala dei Credit Awards \u00e8 l&#8217;evento culminante in cui i protagonisti del settore della gestione del credito si riuniscono per celebrare l&#8217;eccellenza. Durante questa serata, verranno annunciati i vincitori delle diverse categorie e consegnati i relativi premi, con una [&hellip;]<\/p>\n","protected":false},"author":8,"featured_media":0,"parent":0,"menu_order":24,"comment_status":"closed","ping_status":"closed","template":"","meta":{"footnotes":""},"class_list":["post-264","page","type-page","status-publish","hentry"],"yoast_head":"<!-- This site is optimized with the Yoast SEO plugin v26.3 - https:\/\/yoast.com\/wordpress\/plugins\/seo\/ -->\n<title>La serata di gala - Credit Awards 2026<\/title>\n<meta name=\"robots\" content=\"index, follow, max-snippet:-1, max-image-preview:large, max-video-preview:-1\" \/>\n<link rel=\"canonical\" href=\"https:\/\/www.creditnews.it\/creditawards\/la-serata-gala\/\" \/>\n<meta property=\"og:locale\" content=\"it_IT\" \/>\n<meta property=\"og:type\" content=\"article\" \/>\n<meta property=\"og:title\" content=\"La serata di gala - Credit Awards 2026\" \/>\n<meta property=\"og:description\" content=\"La serata di gala: celebrazione dell&#8217;Eccellenza PARTECIPA ALLA GRANDE NOTTE DEI CREDIT AWARDS La serata di gala dei Credit Awards \u00e8 l&#8217;evento culminante in cui i protagonisti del settore della gestione del credito si riuniscono per celebrare l&#8217;eccellenza. Durante questa serata, verranno annunciati i vincitori delle diverse categorie e consegnati i relativi premi, con una [&hellip;]\" \/>\n<meta property=\"og:url\" content=\"https:\/\/www.creditnews.it\/creditawards\/la-serata-gala\/\" \/>\n<meta property=\"og:site_name\" content=\"Credit Awards 2026\" \/>\n<meta property=\"article:modified_time\" content=\"2025-07-21T08:23:02+00:00\" \/>\n<meta name=\"twitter:card\" content=\"summary_large_image\" \/>\n<meta name=\"twitter:label1\" content=\"Tempo di lettura stimato\" \/>\n\t<meta name=\"twitter:data1\" content=\"3 minuti\" \/>\n<script type=\"application\/ld+json\" class=\"yoast-schema-graph\">{\"@context\":\"https:\/\/schema.org\",\"@graph\":[{\"@type\":\"WebPage\",\"@id\":\"https:\/\/www.creditnews.it\/creditawards\/la-serata-gala\/\",\"url\":\"https:\/\/www.creditnews.it\/creditawards\/la-serata-gala\/\",\"name\":\"La serata di gala - Credit Awards 2026\",\"isPartOf\":{\"@id\":\"https:\/\/www.creditnews.it\/creditawards\/#website\"},\"datePublished\":\"2017-10-01T16:03:46+00:00\",\"dateModified\":\"2025-07-21T08:23:02+00:00\",\"breadcrumb\":{\"@id\":\"https:\/\/www.creditnews.it\/creditawards\/la-serata-gala\/#breadcrumb\"},\"inLanguage\":\"it-IT\",\"potentialAction\":[{\"@type\":\"ReadAction\",\"target\":[\"https:\/\/www.creditnews.it\/creditawards\/la-serata-gala\/\"]}]},{\"@type\":\"BreadcrumbList\",\"@id\":\"https:\/\/www.creditnews.it\/creditawards\/la-serata-gala\/#breadcrumb\",\"itemListElement\":[{\"@type\":\"ListItem\",\"position\":1,\"name\":\"Home\",\"item\":\"https:\/\/www.creditnews.it\/creditawards\/\"},{\"@type\":\"ListItem\",\"position\":2,\"name\":\"La serata di gala\"}]},{\"@type\":\"WebSite\",\"@id\":\"https:\/\/www.creditnews.it\/creditawards\/#website\",\"url\":\"https:\/\/www.creditnews.it\/creditawards\/\",\"name\":\"Credit Awards 2026\",\"description\":\"\",\"potentialAction\":[{\"@type\":\"SearchAction\",\"target\":{\"@type\":\"EntryPoint\",\"urlTemplate\":\"https:\/\/www.creditnews.it\/creditawards\/?s={search_term_string}\"},\"query-input\":{\"@type\":\"PropertyValueSpecification\",\"valueRequired\":true,\"valueName\":\"search_term_string\"}}],\"inLanguage\":\"it-IT\"}]}<\/script>\n<!-- \/ Yoast SEO plugin. -->","yoast_head_json":{"title":"La serata di gala - Credit Awards 2026","robots":{"index":"index","follow":"follow","max-snippet":"max-snippet:-1","max-image-preview":"max-image-preview:large","max-video-preview":"max-video-preview:-1"},"canonical":"https:\/\/www.creditnews.it\/creditawards\/la-serata-gala\/","og_locale":"it_IT","og_type":"article","og_title":"La serata di gala - Credit Awards 2026","og_description":"La serata di gala: celebrazione dell&#8217;Eccellenza PARTECIPA ALLA GRANDE NOTTE DEI CREDIT AWARDS La serata di gala dei Credit Awards \u00e8 l&#8217;evento culminante in cui i protagonisti del settore della gestione del credito si riuniscono per celebrare l&#8217;eccellenza. Durante questa serata, verranno annunciati i vincitori delle diverse categorie e consegnati i relativi premi, con una [&hellip;]","og_url":"https:\/\/www.creditnews.it\/creditawards\/la-serata-gala\/","og_site_name":"Credit Awards 2026","article_modified_time":"2025-07-21T08:23:02+00:00","twitter_card":"summary_large_image","twitter_misc":{"Tempo di lettura stimato":"3 minuti"},"schema":{"@context":"https:\/\/schema.org","@graph":[{"@type":"WebPage","@id":"https:\/\/www.creditnews.it\/creditawards\/la-serata-gala\/","url":"https:\/\/www.creditnews.it\/creditawards\/la-serata-gala\/","name":"La serata di gala - Credit Awards 2026","isPartOf":{"@id":"https:\/\/www.creditnews.it\/creditawards\/#website"},"datePublished":"2017-10-01T16:03:46+00:00","dateModified":"2025-07-21T08:23:02+00:00","breadcrumb":{"@id":"https:\/\/www.creditnews.it\/creditawards\/la-serata-gala\/#breadcrumb"},"inLanguage":"it-IT","potentialAction":[{"@type":"ReadAction","target":["https:\/\/www.creditnews.it\/creditawards\/la-serata-gala\/"]}]},{"@type":"BreadcrumbList","@id":"https:\/\/www.creditnews.it\/creditawards\/la-serata-gala\/#breadcrumb","itemListElement":[{"@type":"ListItem","position":1,"name":"Home","item":"https:\/\/www.creditnews.it\/creditawards\/"},{"@type":"ListItem","position":2,"name":"La serata di gala"}]},{"@type":"WebSite","@id":"https:\/\/www.creditnews.it\/creditawards\/#website","url":"https:\/\/www.creditnews.it\/creditawards\/","name":"Credit Awards 2026","description":"","potentialAction":[{"@type":"SearchAction","target":{"@type":"EntryPoint","urlTemplate":"https:\/\/www.creditnews.it\/creditawards\/?s={search_term_string}"},"query-input":{"@type":"PropertyValueSpecification","valueRequired":true,"valueName":"search_term_string"}}],"inLanguage":"it-IT"}]}},"_links":{"self":[{"href":"https:\/\/www.creditnews.it\/creditawards\/wp-json\/wp\/v2\/pages\/264","targetHints":{"allow":["GET"]}}],"collection":[{"href":"https:\/\/www.creditnews.it\/creditawards\/wp-json\/wp\/v2\/pages"}],"about":[{"href":"https:\/\/www.creditnews.it\/creditawards\/wp-json\/wp\/v2\/types\/page"}],"author":[{"embeddable":true,"href":"https:\/\/www.creditnews.it\/creditawards\/wp-json\/wp\/v2\/users\/8"}],"replies":[{"embeddable":true,"href":"https:\/\/www.creditnews.it\/creditawards\/wp-json\/wp\/v2\/comments?post=264"}],"version-history":[{"count":177,"href":"https:\/\/www.creditnews.it\/creditawards\/wp-json\/wp\/v2\/pages\/264\/revisions"}],"predecessor-version":[{"id":22904,"href":"https:\/\/www.creditnews.it\/creditawards\/wp-json\/wp\/v2\/pages\/264\/revisions\/22904"}],"wp:attachment":[{"href":"https:\/\/www.creditnews.it\/creditawards\/wp-json\/wp\/v2\/media?parent=264"}],"curies":[{"name":"wp","href":"https:\/\/api.w.org\/{rel}","templated":true}]}}